{"id":3862,"date":"2024-10-09T21:04:22","date_gmt":"2024-10-09T21:04:22","guid":{"rendered":"https:\/\/gmbabogados.com\/blog\/"},"modified":"2026-02-05T14:14:43","modified_gmt":"2026-02-05T14:14:43","slug":"blog","status":"publish","type":"page","link":"https:\/\/gmbabogados.com\/ca\/blog\/","title":{"rendered":"Blog"},"content":{"rendered":"\t\t<div data-elementor-type=\"wp-page\" data-elementor-id=\"3862\" class=\"elementor elementor-3862 elementor-2697\" data-elementor-post-type=\"page\">\n\t\t\t\t\t\t<section class=\"elementor-section elementor-top-section elementor-element elementor-element-92f12f3 elementor-section-height-min-height elementor-section-boxed elementor-section-height-default elementor-section-items-middle\" data-id=\"92f12f3\" data-element_type=\"section\" data-e-type=\"section\" data-settings=\"{&quot;background_background&quot;:&quot;classic&quot;}\">\n\t\t\t\t\t\t<div class=\"elementor-container elementor-column-gap-default\">\n\t\t\t\t\t<div class=\"elementor-column elementor-col-100 elementor-top-column elementor-element elementor-element-aca01ef\" data-id=\"aca01ef\" data-element_type=\"column\" data-e-type=\"column\">\n\t\t\t<div class=\"elementor-widget-wrap elementor-element-populated\">\n\t\t\t\t\t\t<div class=\"elementor-element elementor-element-5c1e00e elementor-widget__width-initial elementor-widget elementor-widget-heading\" data-id=\"5c1e00e\" data-element_type=\"widget\" data-e-type=\"widget\" data-widget_type=\"heading.default\">\n\t\t\t\t<div class=\"elementor-widget-container\">\n\t\t\t\t\t<h2 class=\"elementor-heading-title elementor-size-default\">Blog<\/h2>\t\t\t\t<\/div>\n\t\t\t\t<\/div>\n\t\t\t\t\t<\/div>\n\t\t<\/div>\n\t\t\t\t\t<\/div>\n\t\t<\/section>\n\t\t\t\t<section class=\"elementor-section elementor-top-section elementor-element elementor-element-f86b6d0 elementor-section-boxed elementor-section-height-default elementor-section-height-default\" data-id=\"f86b6d0\" data-element_type=\"section\" data-e-type=\"section\">\n\t\t\t\t\t\t<div class=\"elementor-container elementor-column-gap-default\">\n\t\t\t\t\t<div class=\"elementor-column elementor-col-100 elementor-top-column elementor-element elementor-element-e9fc5d7\" data-id=\"e9fc5d7\" data-element_type=\"column\" data-e-type=\"column\">\n\t\t\t<div class=\"elementor-widget-wrap elementor-element-populated\">\n\t\t\t\t\t\t<div class=\"elementor-element elementor-element-c524519 elementor-grid-3 elementor-grid-tablet-2 elementor-grid-mobile-1 elementor-posts--thumbnail-top elementor-card-shadow-yes elementor-posts__hover-gradient elementor-widget elementor-widget-posts\" data-id=\"c524519\" data-element_type=\"widget\" data-e-type=\"widget\" data-settings=\"{&quot;cards_columns&quot;:&quot;3&quot;,&quot;cards_columns_tablet&quot;:&quot;2&quot;,&quot;cards_columns_mobile&quot;:&quot;1&quot;,&quot;cards_row_gap&quot;:{&quot;unit&quot;:&quot;px&quot;,&quot;size&quot;:35,&quot;sizes&quot;:[]},&quot;cards_row_gap_tablet&quot;:{&quot;unit&quot;:&quot;px&quot;,&quot;size&quot;:&quot;&quot;,&quot;sizes&quot;:[]},&quot;cards_row_gap_mobile&quot;:{&quot;unit&quot;:&quot;px&quot;,&quot;size&quot;:&quot;&quot;,&quot;sizes&quot;:[]}}\" data-widget_type=\"posts.cards\">\n\t\t\t\t<div class=\"elementor-widget-container\">\n\t\t\t\t\t\t\t<div class=\"elementor-posts-container elementor-posts elementor-posts--skin-cards elementor-grid\" role=\"list\">\n\t\t\t\t<article class=\"elementor-post elementor-grid-item post-3843 post type-post status-publish format-standard has-post-thumbnail hentry category-sin-categoria\" role=\"listitem\">\n\t\t\t<div class=\"elementor-post__card\">\n\t\t\t\t<a class=\"elementor-post__thumbnail__link\" href=\"https:\/\/gmbabogados.com\/ca\/breu-referencia-a-la-llei-organica-1-2025-de-2-de-gener-de-mesures-en-materia-deficiencia-del-servei-public-de-justicia-i-concretament-als-mitjans-adequats-de-solucio-de-controversies-masc\/\" tabindex=\"-1\" ><div class=\"elementor-post__thumbnail\"><img fetchpriority=\"high\" decoding=\"async\" width=\"300\" height=\"169\" src=\"https:\/\/gmbabogados.com\/wp-content\/uploads\/2025\/03\/Metodos-Alternativos-de-Resolucion-de-Conflictos-MASC-300x169.webp\" class=\"attachment-medium size-medium wp-image-3844\" alt=\"\" srcset=\"https:\/\/gmbabogados.com\/wp-content\/uploads\/2025\/03\/Metodos-Alternativos-de-Resolucion-de-Conflictos-MASC-300x169.webp 300w, https:\/\/gmbabogados.com\/wp-content\/uploads\/2025\/03\/Metodos-Alternativos-de-Resolucion-de-Conflictos-MASC-1024x576.webp 1024w, https:\/\/gmbabogados.com\/wp-content\/uploads\/2025\/03\/Metodos-Alternativos-de-Resolucion-de-Conflictos-MASC-768x432.webp 768w, https:\/\/gmbabogados.com\/wp-content\/uploads\/2025\/03\/Metodos-Alternativos-de-Resolucion-de-Conflictos-MASC-1536x864.webp 1536w, https:\/\/gmbabogados.com\/wp-content\/uploads\/2025\/03\/Metodos-Alternativos-de-Resolucion-de-Conflictos-MASC.webp 1600w\" sizes=\"(max-width: 300px) 100vw, 300px\" \/><\/div><\/a>\n\t\t\t\t<div class=\"elementor-post__text\">\n\t\t\t\t<h3 class=\"elementor-post__title\">\n\t\t\t<a href=\"https:\/\/gmbabogados.com\/ca\/breu-referencia-a-la-llei-organica-1-2025-de-2-de-gener-de-mesures-en-materia-deficiencia-del-servei-public-de-justicia-i-concretament-als-mitjans-adequats-de-solucio-de-controversies-masc\/\" >\n\t\t\t\tBreu refer\u00e8ncia a la Llei Org\u00e0nica 1\/2025, de 2 de gener, de mesures en mat\u00e8ria d&#8217;efici\u00e8ncia del Servei P\u00fablic de Just\u00edcia i concretament als MITJANS ADEQUATS DE SOLUCI\u00d3 DE CONTROV\u00c8RSIES (MASC).\t\t\t<\/a>\n\t\t<\/h3>\n\t\t\t\t<div class=\"elementor-post__excerpt\">\n\t\t\t<p>Ens centrarem de manera breu en com afecta l\u2019entrada en vigor del Cap\u00edtol I del T\u00edtol II de la LO 1\/2025 de 2 de gener,<\/p>\n\t\t<\/div>\n\t\t\n\t\t<a class=\"elementor-post__read-more\" href=\"https:\/\/gmbabogados.com\/ca\/breu-referencia-a-la-llei-organica-1-2025-de-2-de-gener-de-mesures-en-materia-deficiencia-del-servei-public-de-justicia-i-concretament-als-mitjans-adequats-de-solucio-de-controversies-masc\/\" aria-label=\"Read more about Breu refer\u00e8ncia a la Llei Org\u00e0nica 1\/2025, de 2 de gener, de mesures en mat\u00e8ria d&#8217;efici\u00e8ncia del Servei P\u00fablic de Just\u00edcia i concretament als MITJANS ADEQUATS DE SOLUCI\u00d3 DE CONTROV\u00c8RSIES (MASC).\" tabindex=\"-1\" >\n\t\t\tLeer m\u00e1s \u00bb\t\t<\/a>\n\n\t\t\t\t<\/div>\n\t\t\t\t<div class=\"elementor-post__meta-data\">\n\t\t\t\t\t<span class=\"elementor-post-date\">\n\t\t\t12 de mar\u00e7 de 2025\t\t<\/span>\n\t\t\t\t<\/div>\n\t\t\t\t\t<\/div>\n\t\t<\/article>\n\t\t\t\t<article class=\"elementor-post elementor-grid-item post-3854 post type-post status-publish format-standard has-post-thumbnail hentry category-sin-categoria\" role=\"listitem\">\n\t\t\t<div class=\"elementor-post__card\">\n\t\t\t\t<a class=\"elementor-post__thumbnail__link\" href=\"https:\/\/gmbabogados.com\/ca\/dret-concursal-i-mecanismes-de-segona-oportunitat-llums-i-ombres-despres-de-gairebe-10-anys-de-la-seva-entrada-en-vigor\/\" tabindex=\"-1\" ><div class=\"elementor-post__thumbnail\"><img decoding=\"async\" width=\"264\" height=\"300\" src=\"https:\/\/gmbabogados.com\/wp-content\/uploads\/2024\/10\/FOTO-MITO-DE-SISIFO-264x300.webp\" class=\"attachment-medium size-medium wp-image-3855\" alt=\"\" srcset=\"https:\/\/gmbabogados.com\/wp-content\/uploads\/2024\/10\/FOTO-MITO-DE-SISIFO-264x300.webp 264w, https:\/\/gmbabogados.com\/wp-content\/uploads\/2024\/10\/FOTO-MITO-DE-SISIFO-902x1024.webp 902w, https:\/\/gmbabogados.com\/wp-content\/uploads\/2024\/10\/FOTO-MITO-DE-SISIFO-768x872.webp 768w, https:\/\/gmbabogados.com\/wp-content\/uploads\/2024\/10\/FOTO-MITO-DE-SISIFO-1353x1536.webp 1353w, https:\/\/gmbabogados.com\/wp-content\/uploads\/2024\/10\/FOTO-MITO-DE-SISIFO-1804x2048.webp 1804w\" sizes=\"(max-width: 264px) 100vw, 264px\" \/><\/div><\/a>\n\t\t\t\t<div class=\"elementor-post__text\">\n\t\t\t\t<h3 class=\"elementor-post__title\">\n\t\t\t<a href=\"https:\/\/gmbabogados.com\/ca\/dret-concursal-i-mecanismes-de-segona-oportunitat-llums-i-ombres-despres-de-gairebe-10-anys-de-la-seva-entrada-en-vigor\/\" >\n\t\t\t\tDret concursal i mecanismes de segona oportunitat: llums i ombres despr\u00e9s de gaireb\u00e9 10 anys de la seva entrada en vigor\t\t\t<\/a>\n\t\t<\/h3>\n\t\t\t\t<div class=\"elementor-post__excerpt\">\n\t\t\t<p>Al setembre del 2020, el primer al\u00b7legat del pre\u00e0mbul del RDL 1\/2020, mitjan\u00e7ant el qual s&#8217;aprovava el text ref\u00f3s de la Llei Concursal, afirmava: &#8220;La<\/p>\n\t\t<\/div>\n\t\t\n\t\t<a class=\"elementor-post__read-more\" href=\"https:\/\/gmbabogados.com\/ca\/dret-concursal-i-mecanismes-de-segona-oportunitat-llums-i-ombres-despres-de-gairebe-10-anys-de-la-seva-entrada-en-vigor\/\" aria-label=\"Read more about Dret concursal i mecanismes de segona oportunitat: llums i ombres despr\u00e9s de gaireb\u00e9 10 anys de la seva entrada en vigor\" tabindex=\"-1\" >\n\t\t\tLeer m\u00e1s \u00bb\t\t<\/a>\n\n\t\t\t\t<\/div>\n\t\t\t\t<div class=\"elementor-post__meta-data\">\n\t\t\t\t\t<span class=\"elementor-post-date\">\n\t\t\t9 d'octubre de 2024\t\t<\/span>\n\t\t\t\t<\/div>\n\t\t\t\t\t<\/div>\n\t\t<\/article>\n\t\t\t\t<\/div>\n\t\t\n\t\t\t\t\t\t<\/div>\n\t\t\t\t<\/div>\n\t\t\t\t\t<\/div>\n\t\t<\/div>\n\t\t\t\t\t<\/div>\n\t\t<\/section>\n\t\t\t\t<\/div>\n\t\t","protected":false},"excerpt":{"rendered":"<p>Blog<\/p>\n","protected":false},"author":1,"featured_media":0,"parent":0,"menu_order":0,"comment_status":"closed","ping_status":"closed","template":"","meta":{"_acf_changed":false,"footnotes":""},"class_list":["post-3862","page","type-page","status-publish","hentry"],"acf":[],"yoast_head":"<!-- This site is optimized with the Yoast SEO plugin v27.4 - https:\/\/yoast.com\/product\/yoast-seo-wordpress\/ -->\n<title>Blog - GayMontalvo Abogados<\/title>\n<meta name=\"robots\" content=\"index, follow, max-snippet:-1, max-image-preview:large, max-video-preview:-1\" \/>\n<link rel=\"canonical\" href=\"https:\/\/gmbabogados.com\/ca\/blog\/\" \/>\n<meta property=\"og:locale\" content=\"ca_ES\" \/>\n<meta property=\"og:type\" content=\"article\" \/>\n<meta property=\"og:title\" content=\"Blog - GayMontalvo Abogados\" \/>\n<meta property=\"og:description\" content=\"Blog\" \/>\n<meta property=\"og:url\" content=\"https:\/\/gmbabogados.com\/ca\/blog\/\" \/>\n<meta property=\"og:site_name\" content=\"GayMontalvo Abogados\" \/>\n<meta property=\"article:modified_time\" content=\"2026-02-05T14:14:43+00:00\" \/>\n<meta name=\"twitter:card\" content=\"summary_large_image\" \/>\n<meta name=\"twitter:label1\" content=\"Temps estimat de lectura\" \/>\n\t<meta name=\"twitter:data1\" content=\"1 minut\" \/>\n<script type=\"application\/ld+json\" class=\"yoast-schema-graph\">{\"@context\":\"https:\\\/\\\/schema.org\",\"@graph\":[{\"@type\":\"WebPage\",\"@id\":\"https:\\\/\\\/gmbabogados.com\\\/ca\\\/blog\\\/\",\"url\":\"https:\\\/\\\/gmbabogados.com\\\/ca\\\/blog\\\/\",\"name\":\"Blog - GayMontalvo Abogados\",\"isPartOf\":{\"@id\":\"https:\\\/\\\/gmbabogados.com\\\/ca\\\/#website\"},\"datePublished\":\"2024-10-09T21:04:22+00:00\",\"dateModified\":\"2026-02-05T14:14:43+00:00\",\"breadcrumb\":{\"@id\":\"https:\\\/\\\/gmbabogados.com\\\/ca\\\/blog\\\/#breadcrumb\"},\"inLanguage\":\"ca\",\"potentialAction\":[{\"@type\":\"ReadAction\",\"target\":[\"https:\\\/\\\/gmbabogados.com\\\/ca\\\/blog\\\/\"]}]},{\"@type\":\"BreadcrumbList\",\"@id\":\"https:\\\/\\\/gmbabogados.com\\\/ca\\\/blog\\\/#breadcrumb\",\"itemListElement\":[{\"@type\":\"ListItem\",\"position\":1,\"name\":\"Portada\",\"item\":\"https:\\\/\\\/gmbabogados.com\\\/ca\\\/\"},{\"@type\":\"ListItem\",\"position\":2,\"name\":\"Blog\"}]},{\"@type\":\"WebSite\",\"@id\":\"https:\\\/\\\/gmbabogados.com\\\/ca\\\/#website\",\"url\":\"https:\\\/\\\/gmbabogados.com\\\/ca\\\/\",\"name\":\"GayMontalvo Abogados\",\"description\":\"\",\"publisher\":{\"@id\":\"https:\\\/\\\/gmbabogados.com\\\/ca\\\/#organization\"},\"potentialAction\":[{\"@type\":\"SearchAction\",\"target\":{\"@type\":\"EntryPoint\",\"urlTemplate\":\"https:\\\/\\\/gmbabogados.com\\\/ca\\\/?s={search_term_string}\"},\"query-input\":{\"@type\":\"PropertyValueSpecification\",\"valueRequired\":true,\"valueName\":\"search_term_string\"}}],\"inLanguage\":\"ca\"},{\"@type\":\"Organization\",\"@id\":\"https:\\\/\\\/gmbabogados.com\\\/ca\\\/#organization\",\"name\":\"GayMontalvo Abogados\",\"url\":\"https:\\\/\\\/gmbabogados.com\\\/ca\\\/\",\"logo\":{\"@type\":\"ImageObject\",\"inLanguage\":\"ca\",\"@id\":\"https:\\\/\\\/gmbabogados.com\\\/ca\\\/#\\\/schema\\\/logo\\\/image\\\/\",\"url\":\"https:\\\/\\\/gmbabogados.com\\\/wp-content\\\/uploads\\\/2025\\\/10\\\/02_horizontal_blanco@3x.webp\",\"contentUrl\":\"https:\\\/\\\/gmbabogados.com\\\/wp-content\\\/uploads\\\/2025\\\/10\\\/02_horizontal_blanco@3x.webp\",\"width\":1339,\"height\":450,\"caption\":\"GayMontalvo Abogados\"},\"image\":{\"@id\":\"https:\\\/\\\/gmbabogados.com\\\/ca\\\/#\\\/schema\\\/logo\\\/image\\\/\"}}]}<\/script>\n<!-- \/ Yoast SEO plugin. -->","yoast_head_json":{"title":"Blog - GayMontalvo Abogados","robots":{"index":"index","follow":"follow","max-snippet":"max-snippet:-1","max-image-preview":"max-image-preview:large","max-video-preview":"max-video-preview:-1"},"canonical":"https:\/\/gmbabogados.com\/ca\/blog\/","og_locale":"ca_ES","og_type":"article","og_title":"Blog - GayMontalvo Abogados","og_description":"Blog","og_url":"https:\/\/gmbabogados.com\/ca\/blog\/","og_site_name":"GayMontalvo Abogados","article_modified_time":"2026-02-05T14:14:43+00:00","twitter_card":"summary_large_image","twitter_misc":{"Temps estimat de lectura":"1 minut"},"schema":{"@context":"https:\/\/schema.org","@graph":[{"@type":"WebPage","@id":"https:\/\/gmbabogados.com\/ca\/blog\/","url":"https:\/\/gmbabogados.com\/ca\/blog\/","name":"Blog - GayMontalvo Abogados","isPartOf":{"@id":"https:\/\/gmbabogados.com\/ca\/#website"},"datePublished":"2024-10-09T21:04:22+00:00","dateModified":"2026-02-05T14:14:43+00:00","breadcrumb":{"@id":"https:\/\/gmbabogados.com\/ca\/blog\/#breadcrumb"},"inLanguage":"ca","potentialAction":[{"@type":"ReadAction","target":["https:\/\/gmbabogados.com\/ca\/blog\/"]}]},{"@type":"BreadcrumbList","@id":"https:\/\/gmbabogados.com\/ca\/blog\/#breadcrumb","itemListElement":[{"@type":"ListItem","position":1,"name":"Portada","item":"https:\/\/gmbabogados.com\/ca\/"},{"@type":"ListItem","position":2,"name":"Blog"}]},{"@type":"WebSite","@id":"https:\/\/gmbabogados.com\/ca\/#website","url":"https:\/\/gmbabogados.com\/ca\/","name":"GayMontalvo Abogados","description":"","publisher":{"@id":"https:\/\/gmbabogados.com\/ca\/#organization"},"potentialAction":[{"@type":"SearchAction","target":{"@type":"EntryPoint","urlTemplate":"https:\/\/gmbabogados.com\/ca\/?s={search_term_string}"},"query-input":{"@type":"PropertyValueSpecification","valueRequired":true,"valueName":"search_term_string"}}],"inLanguage":"ca"},{"@type":"Organization","@id":"https:\/\/gmbabogados.com\/ca\/#organization","name":"GayMontalvo Abogados","url":"https:\/\/gmbabogados.com\/ca\/","logo":{"@type":"ImageObject","inLanguage":"ca","@id":"https:\/\/gmbabogados.com\/ca\/#\/schema\/logo\/image\/","url":"https:\/\/gmbabogados.com\/wp-content\/uploads\/2025\/10\/02_horizontal_blanco@3x.webp","contentUrl":"https:\/\/gmbabogados.com\/wp-content\/uploads\/2025\/10\/02_horizontal_blanco@3x.webp","width":1339,"height":450,"caption":"GayMontalvo Abogados"},"image":{"@id":"https:\/\/gmbabogados.com\/ca\/#\/schema\/logo\/image\/"}}]}},"_links":{"self":[{"href":"https:\/\/gmbabogados.com\/ca\/wp-json\/wp\/v2\/pages\/3862","targetHints":{"allow":["GET"]}}],"collection":[{"href":"https:\/\/gmbabogados.com\/ca\/wp-json\/wp\/v2\/pages"}],"about":[{"href":"https:\/\/gmbabogados.com\/ca\/wp-json\/wp\/v2\/types\/page"}],"author":[{"embeddable":true,"href":"https:\/\/gmbabogados.com\/ca\/wp-json\/wp\/v2\/users\/1"}],"replies":[{"embeddable":true,"href":"https:\/\/gmbabogados.com\/ca\/wp-json\/wp\/v2\/comments?post=3862"}],"version-history":[{"count":1,"href":"https:\/\/gmbabogados.com\/ca\/wp-json\/wp\/v2\/pages\/3862\/revisions"}],"predecessor-version":[{"id":3864,"href":"https:\/\/gmbabogados.com\/ca\/wp-json\/wp\/v2\/pages\/3862\/revisions\/3864"}],"wp:attachment":[{"href":"https:\/\/gmbabogados.com\/ca\/wp-json\/wp\/v2\/media?parent=3862"}],"curies":[{"name":"wp","href":"https:\/\/api.w.org\/{rel}","templated":true}]}}