{"id":4027,"date":"2023-08-29T10:59:30","date_gmt":"2023-08-29T10:59:30","guid":{"rendered":"https:\/\/gmbabogados.com\/accesibilidad\/"},"modified":"2026-02-05T14:14:14","modified_gmt":"2026-02-05T14:14:14","slug":"accessibilitat","status":"publish","type":"page","link":"https:\/\/gmbabogados.com\/ca\/accessibilitat\/","title":{"rendered":"Accessibilitat"},"content":{"rendered":"\t\t<div data-elementor-type=\"wp-page\" data-elementor-id=\"4027\" class=\"elementor elementor-4027 elementor-1826\" data-elementor-post-type=\"page\">\n\t\t\t\t\t\t<section class=\"elementor-section elementor-top-section elementor-element elementor-element-111fb30 elementor-section-height-min-height elementor-section-boxed elementor-section-height-default elementor-section-items-middle\" data-id=\"111fb30\" data-element_type=\"section\" data-e-type=\"section\" data-settings=\"{&quot;background_background&quot;:&quot;classic&quot;}\">\n\t\t\t\t\t\t\t<div class=\"elementor-background-overlay\"><\/div>\n\t\t\t\t\t\t\t<div class=\"elementor-container elementor-column-gap-default\">\n\t\t\t\t\t<div class=\"elementor-column elementor-col-100 elementor-top-column elementor-element elementor-element-436eb7f\" data-id=\"436eb7f\" data-element_type=\"column\" data-e-type=\"column\">\n\t\t\t<div class=\"elementor-widget-wrap elementor-element-populated\">\n\t\t\t\t\t\t<div class=\"elementor-element elementor-element-0a4602b elementor-widget elementor-widget-heading\" data-id=\"0a4602b\" data-element_type=\"widget\" data-e-type=\"widget\" data-widget_type=\"heading.default\">\n\t\t\t\t<div class=\"elementor-widget-container\">\n\t\t\t\t\t<h1 class=\"elementor-heading-title elementor-size-default\">Accessibilitat<\/h1>\t\t\t\t<\/div>\n\t\t\t\t<\/div>\n\t\t\t\t\t<\/div>\n\t\t<\/div>\n\t\t\t\t\t<\/div>\n\t\t<\/section>\n\t\t\t\t<section class=\"elementor-section elementor-top-section elementor-element elementor-element-43f2f5a elementor-section-boxed elementor-section-height-default elementor-section-height-default\" data-id=\"43f2f5a\" data-element_type=\"section\" data-e-type=\"section\">\n\t\t\t\t\t\t<div class=\"elementor-container elementor-column-gap-default\">\n\t\t\t\t\t<div class=\"elementor-column elementor-col-100 elementor-top-column elementor-element elementor-element-2ad2589\" data-id=\"2ad2589\" data-element_type=\"column\" data-e-type=\"column\">\n\t\t\t<div class=\"elementor-widget-wrap elementor-element-populated\">\n\t\t\t\t\t\t<div class=\"elementor-element elementor-element-ab3992b elementor-widget elementor-widget-text-editor\" data-id=\"ab3992b\" data-element_type=\"widget\" data-e-type=\"widget\" data-widget_type=\"text-editor.default\">\n\t\t\t\t<div class=\"elementor-widget-container\">\n\t\t\t\t\t\t\t\t\tGr\u00e0cies per visitar el lloc web de <strong>gmbabogados<\/strong>. Ens esforcem per fer que el nostre lloc sigui accessible per a tots els usuaris, independentment de les seves habilitats o discapacitats. Ens comprometem a complir les pautes d\u2019accessibilitat i a oferir una experi\u00e8ncia en l\u00ednia inclusiva per a tots els nostres visitants. A continuaci\u00f3, trobar\u00e0s informaci\u00f3 important sobre l\u2019accessibilitat del nostre lloc web.\n\n<p class=\"wp-block-heading\"><strong>COMPROM\u00cdS AMB L\u2019ACCESSIBILITAT<\/strong><\/p> A *****, ens prenem molt seriosament l\u2019accessibilitat i ens esforcem per millorar cont\u00ednuament el nostre lloc web perqu\u00e8 sigui accessible per a tots els usuaris. Estem compromesos a complir els est\u00e0ndards d\u2019accessibilitat aplicables i a seguir les pautes establertes a les Web Content Accessibility Guidelines (WCAG) 2.1. <p class=\"wp-block-heading\"><strong>ACCIONS REALITZADES PER MILLORAR L\u2019ACCESSIBILITAT<\/strong><\/p> Hem implementat una s\u00e8rie de mesures per garantir l\u2019accessibilitat del nostre lloc web, que inclouen, entre d\u2019altres: <ul> <li>\u00das de t\u00e8cniques i est\u00e0ndards de desenvolupament web que promouen l\u2019accessibilitat.<\/li> <li>Proporcionar un contrast adequat entre el text i el fons per facilitar la lectura.<\/li> <li>Estructuraci\u00f3 adequada del contingut amb encap\u00e7alaments jer\u00e0rquics i etiquetes sem\u00e0ntiques.<\/li> <li>Oferir una navegaci\u00f3 clara i coherent a tot el lloc web.<\/li> <li>Proporcionar transcripcions i subt\u00edtols per al contingut d\u2019\u00e0udio i v\u00eddeo, quan sigui possible.<\/li> <li>Facilitar l\u2019\u00fas de tecnologies d\u2019assist\u00e8ncia i eines de navegaci\u00f3.<\/li> <\/ul> <p class=\"wp-block-heading\"><strong>MILLORES FUTURES<\/strong><\/p> Reconeixem que l\u2019accessibilitat \u00e9s un objectiu en constant evoluci\u00f3, i estem compromesos a continuar millorant l\u2019accessibilitat del nostre lloc web. Estem en proc\u00e9s de realitzar auditories peri\u00f2diques, proves i avaluacions d\u2019accessibilitat per identificar i abordar qualsevol problema que pugui sorgir. <p class=\"wp-block-heading\"><strong>COMENTARIS I CONTACTE<\/strong><\/p> Si tens dificultats per accedir a alguna part del nostre lloc web o tens comentaris, preguntes o suggeriments relacionats amb l\u2019accessibilitat, t\u2019animem a contactar amb nosaltres. Valorem els teus comentaris i ens esfor\u00e7arem per proporcionar l\u2019assist\u00e8ncia necess\u00e0ria i millorar l\u2019accessibilitat en la mesura del possible.\n\nPots comunicar-te amb nosaltres a trav\u00e9s dels seg\u00fcents mitjans:\n\n<ul> <li>Adre\u00e7a de correu electr\u00f2nic: <strong><span class=\"elementor-icon-list-text\">info@gmbabogados.com<\/span><\/strong><\/li> <li>N\u00famero de contacte: <strong>937426517<\/strong><\/li> <\/ul> <p class=\"wp-block-heading\"><strong>ACTUALITZACI\u00d3 DE LA POL\u00cdTICA D\u2019ACCESSIBILITAT<\/strong><\/p> Aquesta pol\u00edtica d\u2019accessibilitat es revisa regularment i pot actualitzar-se de tant en tant. Qualsevol canvi important en aquesta pol\u00edtica es comunicar\u00e0 mitjan\u00e7ant una notificaci\u00f3 al nostre lloc web.\t\t\t\t\t\t\t\t<\/div>\n\t\t\t\t<\/div>\n\t\t\t\t\t<\/div>\n\t\t<\/div>\n\t\t\t\t\t<\/div>\n\t\t<\/section>\n\t\t\t\t<\/div>\n\t\t","protected":false},"excerpt":{"rendered":"<p>Accessibilitat Gr\u00e0cies per visitar el lloc web de gmbabogados. Ens esforcem per fer que el nostre lloc sigui accessible per a tots els usuaris, independentment de les seves habilitats o discapacitats. Ens comprometem a complir les pautes d\u2019accessibilitat i a oferir una experi\u00e8ncia en l\u00ednia inclusiva per a tots els nostres visitants. A continuaci\u00f3, trobar\u00e0s [&hellip;]<\/p>\n","protected":false},"author":1,"featured_media":0,"parent":0,"menu_order":6,"comment_status":"closed","ping_status":"closed","template":"","meta":{"_acf_changed":false,"footnotes":""},"class_list":["post-4027","page","type-page","status-publish","hentry"],"acf":[],"yoast_head":"<!-- This site is optimized with the Yoast SEO plugin v27.4 - https:\/\/yoast.com\/product\/yoast-seo-wordpress\/ -->\n<title>Accessibilitat - GayMontalvo Abogados<\/title>\n<meta name=\"robots\" content=\"index, follow, max-snippet:-1, max-image-preview:large, max-video-preview:-1\" \/>\n<link rel=\"canonical\" href=\"https:\/\/gmbabogados.com\/ca\/accessibilitat\/\" \/>\n<meta property=\"og:locale\" content=\"ca_ES\" \/>\n<meta property=\"og:type\" content=\"article\" \/>\n<meta property=\"og:title\" content=\"Accessibilitat - GayMontalvo Abogados\" \/>\n<meta property=\"og:description\" content=\"Accessibilitat Gr\u00e0cies per visitar el lloc web de gmbabogados. Ens esforcem per fer que el nostre lloc sigui accessible per a tots els usuaris, independentment de les seves habilitats o discapacitats. Ens comprometem a complir les pautes d\u2019accessibilitat i a oferir una experi\u00e8ncia en l\u00ednia inclusiva per a tots els nostres visitants. A continuaci\u00f3, trobar\u00e0s [&hellip;]\" \/>\n<meta property=\"og:url\" content=\"https:\/\/gmbabogados.com\/ca\/accessibilitat\/\" \/>\n<meta property=\"og:site_name\" content=\"GayMontalvo Abogados\" \/>\n<meta property=\"article:modified_time\" content=\"2026-02-05T14:14:14+00:00\" \/>\n<meta name=\"twitter:card\" content=\"summary_large_image\" \/>\n<meta name=\"twitter:label1\" content=\"Temps estimat de lectura\" \/>\n\t<meta name=\"twitter:data1\" content=\"2 minuts\" \/>\n<script type=\"application\/ld+json\" class=\"yoast-schema-graph\">{\"@context\":\"https:\\\/\\\/schema.org\",\"@graph\":[{\"@type\":\"WebPage\",\"@id\":\"https:\\\/\\\/gmbabogados.com\\\/ca\\\/accessibilitat\\\/\",\"url\":\"https:\\\/\\\/gmbabogados.com\\\/ca\\\/accessibilitat\\\/\",\"name\":\"Accessibilitat - GayMontalvo Abogados\",\"isPartOf\":{\"@id\":\"https:\\\/\\\/gmbabogados.com\\\/ca\\\/#website\"},\"datePublished\":\"2023-08-29T10:59:30+00:00\",\"dateModified\":\"2026-02-05T14:14:14+00:00\",\"breadcrumb\":{\"@id\":\"https:\\\/\\\/gmbabogados.com\\\/ca\\\/accessibilitat\\\/#breadcrumb\"},\"inLanguage\":\"ca\",\"potentialAction\":[{\"@type\":\"ReadAction\",\"target\":[\"https:\\\/\\\/gmbabogados.com\\\/ca\\\/accessibilitat\\\/\"]}]},{\"@type\":\"BreadcrumbList\",\"@id\":\"https:\\\/\\\/gmbabogados.com\\\/ca\\\/accessibilitat\\\/#breadcrumb\",\"itemListElement\":[{\"@type\":\"ListItem\",\"position\":1,\"name\":\"Portada\",\"item\":\"https:\\\/\\\/gmbabogados.com\\\/ca\\\/\"},{\"@type\":\"ListItem\",\"position\":2,\"name\":\"Accessibilitat\"}]},{\"@type\":\"WebSite\",\"@id\":\"https:\\\/\\\/gmbabogados.com\\\/ca\\\/#website\",\"url\":\"https:\\\/\\\/gmbabogados.com\\\/ca\\\/\",\"name\":\"GayMontalvo Abogados\",\"description\":\"\",\"publisher\":{\"@id\":\"https:\\\/\\\/gmbabogados.com\\\/ca\\\/#organization\"},\"potentialAction\":[{\"@type\":\"SearchAction\",\"target\":{\"@type\":\"EntryPoint\",\"urlTemplate\":\"https:\\\/\\\/gmbabogados.com\\\/ca\\\/?s={search_term_string}\"},\"query-input\":{\"@type\":\"PropertyValueSpecification\",\"valueRequired\":true,\"valueName\":\"search_term_string\"}}],\"inLanguage\":\"ca\"},{\"@type\":\"Organization\",\"@id\":\"https:\\\/\\\/gmbabogados.com\\\/ca\\\/#organization\",\"name\":\"GayMontalvo Abogados\",\"url\":\"https:\\\/\\\/gmbabogados.com\\\/ca\\\/\",\"logo\":{\"@type\":\"ImageObject\",\"inLanguage\":\"ca\",\"@id\":\"https:\\\/\\\/gmbabogados.com\\\/ca\\\/#\\\/schema\\\/logo\\\/image\\\/\",\"url\":\"https:\\\/\\\/gmbabogados.com\\\/wp-content\\\/uploads\\\/2025\\\/10\\\/02_horizontal_blanco@3x.webp\",\"contentUrl\":\"https:\\\/\\\/gmbabogados.com\\\/wp-content\\\/uploads\\\/2025\\\/10\\\/02_horizontal_blanco@3x.webp\",\"width\":1339,\"height\":450,\"caption\":\"GayMontalvo Abogados\"},\"image\":{\"@id\":\"https:\\\/\\\/gmbabogados.com\\\/ca\\\/#\\\/schema\\\/logo\\\/image\\\/\"}}]}<\/script>\n<!-- \/ Yoast SEO plugin. -->","yoast_head_json":{"title":"Accessibilitat - GayMontalvo Abogados","robots":{"index":"index","follow":"follow","max-snippet":"max-snippet:-1","max-image-preview":"max-image-preview:large","max-video-preview":"max-video-preview:-1"},"canonical":"https:\/\/gmbabogados.com\/ca\/accessibilitat\/","og_locale":"ca_ES","og_type":"article","og_title":"Accessibilitat - GayMontalvo Abogados","og_description":"Accessibilitat Gr\u00e0cies per visitar el lloc web de gmbabogados. Ens esforcem per fer que el nostre lloc sigui accessible per a tots els usuaris, independentment de les seves habilitats o discapacitats. Ens comprometem a complir les pautes d\u2019accessibilitat i a oferir una experi\u00e8ncia en l\u00ednia inclusiva per a tots els nostres visitants. A continuaci\u00f3, trobar\u00e0s [&hellip;]","og_url":"https:\/\/gmbabogados.com\/ca\/accessibilitat\/","og_site_name":"GayMontalvo Abogados","article_modified_time":"2026-02-05T14:14:14+00:00","twitter_card":"summary_large_image","twitter_misc":{"Temps estimat de lectura":"2 minuts"},"schema":{"@context":"https:\/\/schema.org","@graph":[{"@type":"WebPage","@id":"https:\/\/gmbabogados.com\/ca\/accessibilitat\/","url":"https:\/\/gmbabogados.com\/ca\/accessibilitat\/","name":"Accessibilitat - GayMontalvo Abogados","isPartOf":{"@id":"https:\/\/gmbabogados.com\/ca\/#website"},"datePublished":"2023-08-29T10:59:30+00:00","dateModified":"2026-02-05T14:14:14+00:00","breadcrumb":{"@id":"https:\/\/gmbabogados.com\/ca\/accessibilitat\/#breadcrumb"},"inLanguage":"ca","potentialAction":[{"@type":"ReadAction","target":["https:\/\/gmbabogados.com\/ca\/accessibilitat\/"]}]},{"@type":"BreadcrumbList","@id":"https:\/\/gmbabogados.com\/ca\/accessibilitat\/#breadcrumb","itemListElement":[{"@type":"ListItem","position":1,"name":"Portada","item":"https:\/\/gmbabogados.com\/ca\/"},{"@type":"ListItem","position":2,"name":"Accessibilitat"}]},{"@type":"WebSite","@id":"https:\/\/gmbabogados.com\/ca\/#website","url":"https:\/\/gmbabogados.com\/ca\/","name":"GayMontalvo Abogados","description":"","publisher":{"@id":"https:\/\/gmbabogados.com\/ca\/#organization"},"potentialAction":[{"@type":"SearchAction","target":{"@type":"EntryPoint","urlTemplate":"https:\/\/gmbabogados.com\/ca\/?s={search_term_string}"},"query-input":{"@type":"PropertyValueSpecification","valueRequired":true,"valueName":"search_term_string"}}],"inLanguage":"ca"},{"@type":"Organization","@id":"https:\/\/gmbabogados.com\/ca\/#organization","name":"GayMontalvo Abogados","url":"https:\/\/gmbabogados.com\/ca\/","logo":{"@type":"ImageObject","inLanguage":"ca","@id":"https:\/\/gmbabogados.com\/ca\/#\/schema\/logo\/image\/","url":"https:\/\/gmbabogados.com\/wp-content\/uploads\/2025\/10\/02_horizontal_blanco@3x.webp","contentUrl":"https:\/\/gmbabogados.com\/wp-content\/uploads\/2025\/10\/02_horizontal_blanco@3x.webp","width":1339,"height":450,"caption":"GayMontalvo Abogados"},"image":{"@id":"https:\/\/gmbabogados.com\/ca\/#\/schema\/logo\/image\/"}}]}},"_links":{"self":[{"href":"https:\/\/gmbabogados.com\/ca\/wp-json\/wp\/v2\/pages\/4027","targetHints":{"allow":["GET"]}}],"collection":[{"href":"https:\/\/gmbabogados.com\/ca\/wp-json\/wp\/v2\/pages"}],"about":[{"href":"https:\/\/gmbabogados.com\/ca\/wp-json\/wp\/v2\/types\/page"}],"author":[{"embeddable":true,"href":"https:\/\/gmbabogados.com\/ca\/wp-json\/wp\/v2\/users\/1"}],"replies":[{"embeddable":true,"href":"https:\/\/gmbabogados.com\/ca\/wp-json\/wp\/v2\/comments?post=4027"}],"version-history":[{"count":4,"href":"https:\/\/gmbabogados.com\/ca\/wp-json\/wp\/v2\/pages\/4027\/revisions"}],"predecessor-version":[{"id":4033,"href":"https:\/\/gmbabogados.com\/ca\/wp-json\/wp\/v2\/pages\/4027\/revisions\/4033"}],"wp:attachment":[{"href":"https:\/\/gmbabogados.com\/ca\/wp-json\/wp\/v2\/media?parent=4027"}],"curies":[{"name":"wp","href":"https:\/\/api.w.org\/{rel}","templated":true}]}}