{"id":4069,"date":"2024-06-19T12:20:06","date_gmt":"2024-06-19T12:20:06","guid":{"rendered":"https:\/\/gmbabogados.com\/aviso-legal\/"},"modified":"2026-02-05T14:14:10","modified_gmt":"2026-02-05T14:14:10","slug":"avis-legal","status":"publish","type":"page","link":"https:\/\/gmbabogados.com\/ca\/avis-legal\/","title":{"rendered":"Av\u00eds legal"},"content":{"rendered":"\t\t<div data-elementor-type=\"wp-page\" data-elementor-id=\"4069\" class=\"elementor elementor-4069 elementor-2136\" data-elementor-post-type=\"page\">\n\t\t\t\t\t\t<section class=\"elementor-section elementor-top-section elementor-element elementor-element-111fb30 elementor-section-height-min-height elementor-section-boxed elementor-section-height-default elementor-section-items-middle\" data-id=\"111fb30\" data-element_type=\"section\" data-e-type=\"section\" data-settings=\"{&quot;background_background&quot;:&quot;classic&quot;}\">\n\t\t\t\t\t\t\t<div class=\"elementor-background-overlay\"><\/div>\n\t\t\t\t\t\t\t<div class=\"elementor-container elementor-column-gap-default\">\n\t\t\t\t\t<div class=\"elementor-column elementor-col-100 elementor-top-column elementor-element elementor-element-436eb7f\" data-id=\"436eb7f\" data-element_type=\"column\" data-e-type=\"column\">\n\t\t\t<div class=\"elementor-widget-wrap elementor-element-populated\">\n\t\t\t\t\t\t<div class=\"elementor-element elementor-element-0a4602b elementor-widget elementor-widget-heading\" data-id=\"0a4602b\" data-element_type=\"widget\" data-e-type=\"widget\" data-widget_type=\"heading.default\">\n\t\t\t\t<div class=\"elementor-widget-container\">\n\t\t\t\t\t<h1 class=\"elementor-heading-title elementor-size-default\">Av\u00eds legal<\/h1>\t\t\t\t<\/div>\n\t\t\t\t<\/div>\n\t\t\t\t\t<\/div>\n\t\t<\/div>\n\t\t\t\t\t<\/div>\n\t\t<\/section>\n\t\t\t\t<section class=\"elementor-section elementor-top-section elementor-element elementor-element-43f2f5a elementor-section-boxed elementor-section-height-default elementor-section-height-default\" data-id=\"43f2f5a\" data-element_type=\"section\" data-e-type=\"section\">\n\t\t\t\t\t\t<div class=\"elementor-container elementor-column-gap-default\">\n\t\t\t\t\t<div class=\"elementor-column elementor-col-100 elementor-top-column elementor-element elementor-element-2ad2589\" data-id=\"2ad2589\" data-element_type=\"column\" data-e-type=\"column\">\n\t\t\t<div class=\"elementor-widget-wrap elementor-element-populated\">\n\t\t\t\t\t\t<div class=\"elementor-element elementor-element-ab3992b elementor-widget elementor-widget-text-editor\" data-id=\"ab3992b\" data-element_type=\"widget\" data-e-type=\"widget\" data-widget_type=\"text-editor.default\">\n\t\t\t\t<div class=\"elementor-widget-container\">\n\t\t\t\t\t\t\t\t\tGr\u00e0cies per visitar el lloc web de <strong>GM ABOGADOS<\/strong>.\t\t\t\t\t\t\t\t<\/div>\n\t\t\t\t<\/div>\n\t\t\t\t\t<\/div>\n\t\t<\/div>\n\t\t\t\t\t<\/div>\n\t\t<\/section>\n\t\t\t\t<\/div>\n\t\t","protected":false},"excerpt":{"rendered":"<p>Av\u00eds legal Gr\u00e0cies per visitar el lloc web de GM ABOGADOS.<\/p>\n","protected":false},"author":1,"featured_media":0,"parent":0,"menu_order":6,"comment_status":"closed","ping_status":"closed","template":"","meta":{"_acf_changed":false,"footnotes":""},"class_list":["post-4069","page","type-page","status-publish","hentry"],"acf":[],"yoast_head":"<!-- This site is optimized with the Yoast SEO plugin v27.4 - https:\/\/yoast.com\/product\/yoast-seo-wordpress\/ -->\n<title>Av\u00eds legal - GayMontalvo Abogados<\/title>\n<meta name=\"robots\" content=\"noindex, follow\" \/>\n<meta property=\"og:locale\" content=\"ca_ES\" \/>\n<meta property=\"og:type\" content=\"article\" \/>\n<meta property=\"og:title\" content=\"Av\u00eds legal - GayMontalvo Abogados\" \/>\n<meta property=\"og:description\" content=\"Av\u00eds legal Gr\u00e0cies per visitar el lloc web de GM ABOGADOS.\" \/>\n<meta property=\"og:url\" content=\"https:\/\/gmbabogados.com\/ca\/avis-legal\/\" \/>\n<meta property=\"og:site_name\" content=\"GayMontalvo Abogados\" \/>\n<meta property=\"article:modified_time\" content=\"2026-02-05T14:14:10+00:00\" \/>\n<meta name=\"twitter:card\" content=\"summary_large_image\" \/>\n<meta name=\"twitter:label1\" content=\"Temps estimat de lectura\" \/>\n\t<meta name=\"twitter:data1\" content=\"1 minut\" \/>\n<script type=\"application\/ld+json\" class=\"yoast-schema-graph\">{\"@context\":\"https:\\\/\\\/schema.org\",\"@graph\":[{\"@type\":\"WebPage\",\"@id\":\"https:\\\/\\\/gmbabogados.com\\\/ca\\\/avis-legal\\\/\",\"url\":\"https:\\\/\\\/gmbabogados.com\\\/ca\\\/avis-legal\\\/\",\"name\":\"Av\u00eds legal - GayMontalvo Abogados\",\"isPartOf\":{\"@id\":\"https:\\\/\\\/gmbabogados.com\\\/ca\\\/#website\"},\"datePublished\":\"2024-06-19T12:20:06+00:00\",\"dateModified\":\"2026-02-05T14:14:10+00:00\",\"breadcrumb\":{\"@id\":\"https:\\\/\\\/gmbabogados.com\\\/ca\\\/avis-legal\\\/#breadcrumb\"},\"inLanguage\":\"ca\",\"potentialAction\":[{\"@type\":\"ReadAction\",\"target\":[\"https:\\\/\\\/gmbabogados.com\\\/ca\\\/avis-legal\\\/\"]}]},{\"@type\":\"BreadcrumbList\",\"@id\":\"https:\\\/\\\/gmbabogados.com\\\/ca\\\/avis-legal\\\/#breadcrumb\",\"itemListElement\":[{\"@type\":\"ListItem\",\"position\":1,\"name\":\"Portada\",\"item\":\"https:\\\/\\\/gmbabogados.com\\\/ca\\\/\"},{\"@type\":\"ListItem\",\"position\":2,\"name\":\"Av\u00eds legal\"}]},{\"@type\":\"WebSite\",\"@id\":\"https:\\\/\\\/gmbabogados.com\\\/ca\\\/#website\",\"url\":\"https:\\\/\\\/gmbabogados.com\\\/ca\\\/\",\"name\":\"GayMontalvo Abogados\",\"description\":\"\",\"publisher\":{\"@id\":\"https:\\\/\\\/gmbabogados.com\\\/ca\\\/#organization\"},\"potentialAction\":[{\"@type\":\"SearchAction\",\"target\":{\"@type\":\"EntryPoint\",\"urlTemplate\":\"https:\\\/\\\/gmbabogados.com\\\/ca\\\/?s={search_term_string}\"},\"query-input\":{\"@type\":\"PropertyValueSpecification\",\"valueRequired\":true,\"valueName\":\"search_term_string\"}}],\"inLanguage\":\"ca\"},{\"@type\":\"Organization\",\"@id\":\"https:\\\/\\\/gmbabogados.com\\\/ca\\\/#organization\",\"name\":\"GayMontalvo Abogados\",\"url\":\"https:\\\/\\\/gmbabogados.com\\\/ca\\\/\",\"logo\":{\"@type\":\"ImageObject\",\"inLanguage\":\"ca\",\"@id\":\"https:\\\/\\\/gmbabogados.com\\\/ca\\\/#\\\/schema\\\/logo\\\/image\\\/\",\"url\":\"https:\\\/\\\/gmbabogados.com\\\/wp-content\\\/uploads\\\/2025\\\/10\\\/02_horizontal_blanco@3x.webp\",\"contentUrl\":\"https:\\\/\\\/gmbabogados.com\\\/wp-content\\\/uploads\\\/2025\\\/10\\\/02_horizontal_blanco@3x.webp\",\"width\":1339,\"height\":450,\"caption\":\"GayMontalvo Abogados\"},\"image\":{\"@id\":\"https:\\\/\\\/gmbabogados.com\\\/ca\\\/#\\\/schema\\\/logo\\\/image\\\/\"}}]}<\/script>\n<!-- \/ Yoast SEO plugin. -->","yoast_head_json":{"title":"Av\u00eds legal - GayMontalvo Abogados","robots":{"index":"noindex","follow":"follow"},"og_locale":"ca_ES","og_type":"article","og_title":"Av\u00eds legal - GayMontalvo Abogados","og_description":"Av\u00eds legal Gr\u00e0cies per visitar el lloc web de GM ABOGADOS.","og_url":"https:\/\/gmbabogados.com\/ca\/avis-legal\/","og_site_name":"GayMontalvo Abogados","article_modified_time":"2026-02-05T14:14:10+00:00","twitter_card":"summary_large_image","twitter_misc":{"Temps estimat de lectura":"1 minut"},"schema":{"@context":"https:\/\/schema.org","@graph":[{"@type":"WebPage","@id":"https:\/\/gmbabogados.com\/ca\/avis-legal\/","url":"https:\/\/gmbabogados.com\/ca\/avis-legal\/","name":"Av\u00eds legal - GayMontalvo Abogados","isPartOf":{"@id":"https:\/\/gmbabogados.com\/ca\/#website"},"datePublished":"2024-06-19T12:20:06+00:00","dateModified":"2026-02-05T14:14:10+00:00","breadcrumb":{"@id":"https:\/\/gmbabogados.com\/ca\/avis-legal\/#breadcrumb"},"inLanguage":"ca","potentialAction":[{"@type":"ReadAction","target":["https:\/\/gmbabogados.com\/ca\/avis-legal\/"]}]},{"@type":"BreadcrumbList","@id":"https:\/\/gmbabogados.com\/ca\/avis-legal\/#breadcrumb","itemListElement":[{"@type":"ListItem","position":1,"name":"Portada","item":"https:\/\/gmbabogados.com\/ca\/"},{"@type":"ListItem","position":2,"name":"Av\u00eds legal"}]},{"@type":"WebSite","@id":"https:\/\/gmbabogados.com\/ca\/#website","url":"https:\/\/gmbabogados.com\/ca\/","name":"GayMontalvo Abogados","description":"","publisher":{"@id":"https:\/\/gmbabogados.com\/ca\/#organization"},"potentialAction":[{"@type":"SearchAction","target":{"@type":"EntryPoint","urlTemplate":"https:\/\/gmbabogados.com\/ca\/?s={search_term_string}"},"query-input":{"@type":"PropertyValueSpecification","valueRequired":true,"valueName":"search_term_string"}}],"inLanguage":"ca"},{"@type":"Organization","@id":"https:\/\/gmbabogados.com\/ca\/#organization","name":"GayMontalvo Abogados","url":"https:\/\/gmbabogados.com\/ca\/","logo":{"@type":"ImageObject","inLanguage":"ca","@id":"https:\/\/gmbabogados.com\/ca\/#\/schema\/logo\/image\/","url":"https:\/\/gmbabogados.com\/wp-content\/uploads\/2025\/10\/02_horizontal_blanco@3x.webp","contentUrl":"https:\/\/gmbabogados.com\/wp-content\/uploads\/2025\/10\/02_horizontal_blanco@3x.webp","width":1339,"height":450,"caption":"GayMontalvo Abogados"},"image":{"@id":"https:\/\/gmbabogados.com\/ca\/#\/schema\/logo\/image\/"}}]}},"_links":{"self":[{"href":"https:\/\/gmbabogados.com\/ca\/wp-json\/wp\/v2\/pages\/4069","targetHints":{"allow":["GET"]}}],"collection":[{"href":"https:\/\/gmbabogados.com\/ca\/wp-json\/wp\/v2\/pages"}],"about":[{"href":"https:\/\/gmbabogados.com\/ca\/wp-json\/wp\/v2\/types\/page"}],"author":[{"embeddable":true,"href":"https:\/\/gmbabogados.com\/ca\/wp-json\/wp\/v2\/users\/1"}],"replies":[{"embeddable":true,"href":"https:\/\/gmbabogados.com\/ca\/wp-json\/wp\/v2\/comments?post=4069"}],"version-history":[{"count":4,"href":"https:\/\/gmbabogados.com\/ca\/wp-json\/wp\/v2\/pages\/4069\/revisions"}],"predecessor-version":[{"id":4073,"href":"https:\/\/gmbabogados.com\/ca\/wp-json\/wp\/v2\/pages\/4069\/revisions\/4073"}],"wp:attachment":[{"href":"https:\/\/gmbabogados.com\/ca\/wp-json\/wp\/v2\/media?parent=4069"}],"curies":[{"name":"wp","href":"https:\/\/api.w.org\/{rel}","templated":true}]}}